{"id":210,"date":"2021-04-21T22:27:25","date_gmt":"2021-04-22T01:27:25","guid":{"rendered":"http:\/\/trabalhovivo.net\/?page_id=210"},"modified":"2021-12-01T08:27:44","modified_gmt":"2021-12-01T11:27:44","slug":"manifestacoes-de-interesse","status":"publish","type":"page","link":"https:\/\/trabalhovivo.net\/index.php\/manifestacoes-de-interesse\/","title":{"rendered":"Manifesta\u00e7\u00f5es de Interesse"},"content":{"rendered":"<p>&nbsp;<\/p>\n<p>Estudantes de gradua\u00e7\u00e3o com interesse em participar de alguns dos projetos do Entren\u00f3s dever\u00e3o entrar em contato pelo e-mail <a href=\"mailto:entrenos@trabalhovivo.net\" target=\"_blank\" rel=\"noopener\">entrenos@trabalhovivo.net<\/a>, informando os seguintes dados:<\/p>\n<p><strong>Nome <\/strong><br \/>\n<strong>Matr\u00edcula <\/strong><br \/>\n<strong>E-mail para contato <\/strong><br \/>\n<strong>Telefone para contato <\/strong><br \/>\n<strong>Semestre (Per\u00edodo) em que se encontra atualmente no curso<\/strong><br \/>\n<strong>Semestre letivo em que cursou Psicologia do Trabalho<\/strong><br \/>\n<strong>Consegue ler textos em outro(s) idioma(s)? Se Sim, qual(is)<\/strong><br \/>\n<strong>Justifique, em linhas gerais, seu interesse pela psicologia do trabalho e os temas dos projetos de pesquisa.<\/strong><br \/>\n<strong>Coment\u00e1rios adicionais?<\/strong><\/p>\n<p>Em seguida, entraremos em contato.<\/p>\n<p>&nbsp;<\/p>\n","protected":false},"excerpt":{"rendered":"<p>&nbsp; Estudantes de gradua\u00e7\u00e3o com interesse em participar de alguns dos projetos do Entren\u00f3s dever\u00e3o entrar em contato pelo e-mail&hellip;<\/p>\n","protected":false},"author":1,"featured_media":0,"parent":0,"menu_order":0,"comment_status":"closed","ping_status":"closed","template":"","meta":{"footnotes":""},"class_list":["post-210","page","type-page","status-publish","hentry"],"_links":{"self":[{"href":"https:\/\/trabalhovivo.net\/index.php\/wp-json\/wp\/v2\/pages\/210","targetHints":{"allow":["GET"]}}],"collection":[{"href":"https:\/\/trabalhovivo.net\/index.php\/wp-json\/wp\/v2\/pages"}],"about":[{"href":"https:\/\/trabalhovivo.net\/index.php\/wp-json\/wp\/v2\/types\/page"}],"author":[{"embeddable":true,"href":"https:\/\/trabalhovivo.net\/index.php\/wp-json\/wp\/v2\/users\/1"}],"replies":[{"embeddable":true,"href":"https:\/\/trabalhovivo.net\/index.php\/wp-json\/wp\/v2\/comments?post=210"}],"version-history":[{"count":6,"href":"https:\/\/trabalhovivo.net\/index.php\/wp-json\/wp\/v2\/pages\/210\/revisions"}],"predecessor-version":[{"id":222,"href":"https:\/\/trabalhovivo.net\/index.php\/wp-json\/wp\/v2\/pages\/210\/revisions\/222"}],"wp:attachment":[{"href":"https:\/\/trabalhovivo.net\/index.php\/wp-json\/wp\/v2\/media?parent=210"}],"curies":[{"name":"wp","href":"https:\/\/api.w.org\/{rel}","templated":true}]}}